{"id":47202,"date":"2021-03-17T21:49:49","date_gmt":"2021-03-17T21:49:49","guid":{"rendered":"https:\/\/worldbicyclerelief.org\/getting-girls-back-to-school\/"},"modified":"2021-03-24T08:44:26","modified_gmt":"2021-03-24T08:44:26","slug":"maedchen-zurueck-in-die-schule","status":"publish","type":"page","link":"https:\/\/worldbicyclerelief.org\/de\/maedchen-zurueck-in-die-schule\/","title":{"rendered":"M\u00e4dchen zur\u00fcck in die Schule bringen"},"content":{"rendered":"","protected":false},"excerpt":{"rendered":"","protected":false},"author":7,"featured_media":47154,"parent":0,"menu_order":0,"comment_status":"closed","ping_status":"closed","template":"template-landing.php","meta":{"_acf_changed":false,"inline_featured_image":false,"footnotes":""},"class_list":["post-47202","page","type-page","status-publish","has-post-thumbnail","hentry"],"acf":[],"yoast_head":"<!-- This site is optimized with the Yoast SEO plugin v27.2 - https:\/\/yoast.com\/product\/yoast-seo-wordpress\/ -->\n<title>M\u00e4dchen zur\u00fcck in die Schule bringen - World Bicycle Relief<\/title>\n<meta name=\"description\" content=\"W\u00e4hrend ein Gro\u00dfteil der Welt langsam ein Licht am Ende des Tunnels sieht, stehen Schulkinder in Entwicklungsregionen - insbesondere M\u00e4dchen - vor gro\u00dfen H\u00fcrden. Die R\u00fcckkehr zur Schule ist ein langer und schwieriger Weg, den viele nicht alleine bew\u00e4ltigen k\u00f6nnen.\" \/>\n<meta name=\"robots\" content=\"index, follow, max-snippet:-1, max-image-preview:large, max-video-preview:-1\" \/>\n<link rel=\"canonical\" href=\"https:\/\/worldbicyclerelief.org\/de\/maedchen-zurueck-in-die-schule\/\" \/>\n<meta property=\"og:locale\" content=\"de_DE\" \/>\n<meta property=\"og:type\" content=\"article\" \/>\n<meta property=\"og:title\" content=\"M\u00e4dchen zur\u00fcck in die Schule bringen - World Bicycle Relief\" \/>\n<meta property=\"og:description\" content=\"W\u00e4hrend ein Gro\u00dfteil der Welt langsam ein Licht am Ende des Tunnels sieht, stehen Schulkinder in Entwicklungsregionen - insbesondere M\u00e4dchen - vor gro\u00dfen H\u00fcrden. Die R\u00fcckkehr zur Schule ist ein langer und schwieriger Weg, den viele nicht alleine bew\u00e4ltigen k\u00f6nnen.\" \/>\n<meta property=\"og:url\" content=\"https:\/\/worldbicyclerelief.org\/de\/maedchen-zurueck-in-die-schule\/\" \/>\n<meta property=\"og:site_name\" content=\"World Bicycle Relief\" \/>\n<meta property=\"article:publisher\" content=\"https:\/\/www.facebook.com\/worldbicyclerelief\/\" \/>\n<meta property=\"article:modified_time\" content=\"2021-03-24T08:44:26+00:00\" \/>\n<meta name=\"twitter:card\" content=\"summary_large_image\" \/>\n<meta name=\"twitter:image\" content=\"https:\/\/worldbicyclerelief.org\/wp-content\/uploads\/2021\/03\/Kenya-2016-LMD-1501-scaled.jpg\" \/>\n<meta name=\"twitter:site\" content=\"@PowerOfBicycles\" \/>\n<script type=\"application\/ld+json\" class=\"yoast-schema-graph\">{\"@context\":\"https:\/\/schema.org\",\"@graph\":[{\"@type\":\"WebPage\",\"@id\":\"https:\/\/worldbicyclerelief.org\/de\/maedchen-zurueck-in-die-schule\/\",\"url\":\"https:\/\/worldbicyclerelief.org\/de\/maedchen-zurueck-in-die-schule\/\",\"name\":\"M\u00e4dchen zur\u00fcck in die Schule bringen - World Bicycle Relief\",\"isPartOf\":{\"@id\":\"https:\/\/worldbicyclerelief.org\/de\/#website\"},\"primaryImageOfPage\":{\"@id\":\"https:\/\/worldbicyclerelief.org\/de\/maedchen-zurueck-in-die-schule\/#primaryimage\"},\"image\":{\"@id\":\"https:\/\/worldbicyclerelief.org\/de\/maedchen-zurueck-in-die-schule\/#primaryimage\"},\"thumbnailUrl\":\"https:\/\/worldbicyclerelief.org\/wp-content\/uploads\/2021\/03\/Kenya-2016-LMD-1501-scaled.jpg\",\"datePublished\":\"2021-03-17T21:49:49+00:00\",\"dateModified\":\"2021-03-24T08:44:26+00:00\",\"description\":\"W\u00e4hrend ein Gro\u00dfteil der Welt langsam ein Licht am Ende des Tunnels sieht, stehen Schulkinder in Entwicklungsregionen - insbesondere M\u00e4dchen - vor gro\u00dfen H\u00fcrden. Die R\u00fcckkehr zur Schule ist ein langer und schwieriger Weg, den viele nicht alleine bew\u00e4ltigen k\u00f6nnen.\",\"breadcrumb\":{\"@id\":\"https:\/\/worldbicyclerelief.org\/de\/maedchen-zurueck-in-die-schule\/#breadcrumb\"},\"inLanguage\":\"de\",\"potentialAction\":[{\"@type\":\"ReadAction\",\"target\":[\"https:\/\/worldbicyclerelief.org\/de\/maedchen-zurueck-in-die-schule\/\"]}]},{\"@type\":\"ImageObject\",\"inLanguage\":\"de\",\"@id\":\"https:\/\/worldbicyclerelief.org\/de\/maedchen-zurueck-in-die-schule\/#primaryimage\",\"url\":\"https:\/\/worldbicyclerelief.org\/wp-content\/uploads\/2021\/03\/Kenya-2016-LMD-1501-scaled.jpg\",\"contentUrl\":\"https:\/\/worldbicyclerelief.org\/wp-content\/uploads\/2021\/03\/Kenya-2016-LMD-1501-scaled.jpg\",\"width\":2560,\"height\":1707},{\"@type\":\"BreadcrumbList\",\"@id\":\"https:\/\/worldbicyclerelief.org\/de\/maedchen-zurueck-in-die-schule\/#breadcrumb\",\"itemListElement\":[{\"@type\":\"ListItem\",\"position\":1,\"name\":\"Home\",\"item\":\"https:\/\/worldbicyclerelief.org\/de\/\"},{\"@type\":\"ListItem\",\"position\":2,\"name\":\"M\u00e4dchen zur\u00fcck in die Schule bringen\"}]},{\"@type\":\"WebSite\",\"@id\":\"https:\/\/worldbicyclerelief.org\/de\/#website\",\"url\":\"https:\/\/worldbicyclerelief.org\/de\/\",\"name\":\"World Bicycle Relief\",\"description\":\"Changing Lives With Bicycles\",\"publisher\":{\"@id\":\"https:\/\/worldbicyclerelief.org\/de\/#organization\"},\"potentialAction\":[{\"@type\":\"SearchAction\",\"target\":{\"@type\":\"EntryPoint\",\"urlTemplate\":\"https:\/\/worldbicyclerelief.org\/de\/?s={search_term_string}\"},\"query-input\":{\"@type\":\"PropertyValueSpecification\",\"valueRequired\":true,\"valueName\":\"search_term_string\"}}],\"inLanguage\":\"de\"},{\"@type\":\"Organization\",\"@id\":\"https:\/\/worldbicyclerelief.org\/de\/#organization\",\"name\":\"World Bicycle Relief\",\"url\":\"https:\/\/worldbicyclerelief.org\/de\/\",\"logo\":{\"@type\":\"ImageObject\",\"inLanguage\":\"de\",\"@id\":\"https:\/\/worldbicyclerelief.org\/de\/#\/schema\/logo\/image\/\",\"url\":\"https:\/\/worldbicyclerelief.org\/wp-content\/uploads\/2019\/10\/wbr-logo-hi-res-x-x.png\",\"contentUrl\":\"https:\/\/worldbicyclerelief.org\/wp-content\/uploads\/2019\/10\/wbr-logo-hi-res-x-x.png\",\"width\":600,\"height\":208,\"caption\":\"World Bicycle Relief\"},\"image\":{\"@id\":\"https:\/\/worldbicyclerelief.org\/de\/#\/schema\/logo\/image\/\"},\"sameAs\":[\"https:\/\/www.facebook.com\/worldbicyclerelief\/\",\"https:\/\/x.com\/PowerOfBicycles\"]}]}<\/script>\n<!-- \/ Yoast SEO plugin. -->","yoast_head_json":{"title":"M\u00e4dchen zur\u00fcck in die Schule bringen - World Bicycle Relief","description":"W\u00e4hrend ein Gro\u00dfteil der Welt langsam ein Licht am Ende des Tunnels sieht, stehen Schulkinder in Entwicklungsregionen - insbesondere M\u00e4dchen - vor gro\u00dfen H\u00fcrden. Die R\u00fcckkehr zur Schule ist ein langer und schwieriger Weg, den viele nicht alleine bew\u00e4ltigen k\u00f6nnen.","robots":{"index":"index","follow":"follow","max-snippet":"max-snippet:-1","max-image-preview":"max-image-preview:large","max-video-preview":"max-video-preview:-1"},"canonical":"https:\/\/worldbicyclerelief.org\/de\/maedchen-zurueck-in-die-schule\/","og_locale":"de_DE","og_type":"article","og_title":"M\u00e4dchen zur\u00fcck in die Schule bringen - World Bicycle Relief","og_description":"W\u00e4hrend ein Gro\u00dfteil der Welt langsam ein Licht am Ende des Tunnels sieht, stehen Schulkinder in Entwicklungsregionen - insbesondere M\u00e4dchen - vor gro\u00dfen H\u00fcrden. Die R\u00fcckkehr zur Schule ist ein langer und schwieriger Weg, den viele nicht alleine bew\u00e4ltigen k\u00f6nnen.","og_url":"https:\/\/worldbicyclerelief.org\/de\/maedchen-zurueck-in-die-schule\/","og_site_name":"World Bicycle Relief","article_publisher":"https:\/\/www.facebook.com\/worldbicyclerelief\/","article_modified_time":"2021-03-24T08:44:26+00:00","twitter_card":"summary_large_image","twitter_image":"https:\/\/worldbicyclerelief.org\/wp-content\/uploads\/2021\/03\/Kenya-2016-LMD-1501-scaled.jpg","twitter_site":"@PowerOfBicycles","schema":{"@context":"https:\/\/schema.org","@graph":[{"@type":"WebPage","@id":"https:\/\/worldbicyclerelief.org\/de\/maedchen-zurueck-in-die-schule\/","url":"https:\/\/worldbicyclerelief.org\/de\/maedchen-zurueck-in-die-schule\/","name":"M\u00e4dchen zur\u00fcck in die Schule bringen - World Bicycle Relief","isPartOf":{"@id":"https:\/\/worldbicyclerelief.org\/de\/#website"},"primaryImageOfPage":{"@id":"https:\/\/worldbicyclerelief.org\/de\/maedchen-zurueck-in-die-schule\/#primaryimage"},"image":{"@id":"https:\/\/worldbicyclerelief.org\/de\/maedchen-zurueck-in-die-schule\/#primaryimage"},"thumbnailUrl":"https:\/\/worldbicyclerelief.org\/wp-content\/uploads\/2021\/03\/Kenya-2016-LMD-1501-scaled.jpg","datePublished":"2021-03-17T21:49:49+00:00","dateModified":"2021-03-24T08:44:26+00:00","description":"W\u00e4hrend ein Gro\u00dfteil der Welt langsam ein Licht am Ende des Tunnels sieht, stehen Schulkinder in Entwicklungsregionen - insbesondere M\u00e4dchen - vor gro\u00dfen H\u00fcrden. Die R\u00fcckkehr zur Schule ist ein langer und schwieriger Weg, den viele nicht alleine bew\u00e4ltigen k\u00f6nnen.","breadcrumb":{"@id":"https:\/\/worldbicyclerelief.org\/de\/maedchen-zurueck-in-die-schule\/#breadcrumb"},"inLanguage":"de","potentialAction":[{"@type":"ReadAction","target":["https:\/\/worldbicyclerelief.org\/de\/maedchen-zurueck-in-die-schule\/"]}]},{"@type":"ImageObject","inLanguage":"de","@id":"https:\/\/worldbicyclerelief.org\/de\/maedchen-zurueck-in-die-schule\/#primaryimage","url":"https:\/\/worldbicyclerelief.org\/wp-content\/uploads\/2021\/03\/Kenya-2016-LMD-1501-scaled.jpg","contentUrl":"https:\/\/worldbicyclerelief.org\/wp-content\/uploads\/2021\/03\/Kenya-2016-LMD-1501-scaled.jpg","width":2560,"height":1707},{"@type":"BreadcrumbList","@id":"https:\/\/worldbicyclerelief.org\/de\/maedchen-zurueck-in-die-schule\/#breadcrumb","itemListElement":[{"@type":"ListItem","position":1,"name":"Home","item":"https:\/\/worldbicyclerelief.org\/de\/"},{"@type":"ListItem","position":2,"name":"M\u00e4dchen zur\u00fcck in die Schule bringen"}]},{"@type":"WebSite","@id":"https:\/\/worldbicyclerelief.org\/de\/#website","url":"https:\/\/worldbicyclerelief.org\/de\/","name":"World Bicycle Relief","description":"Changing Lives With Bicycles","publisher":{"@id":"https:\/\/worldbicyclerelief.org\/de\/#organization"},"potentialAction":[{"@type":"SearchAction","target":{"@type":"EntryPoint","urlTemplate":"https:\/\/worldbicyclerelief.org\/de\/?s={search_term_string}"},"query-input":{"@type":"PropertyValueSpecification","valueRequired":true,"valueName":"search_term_string"}}],"inLanguage":"de"},{"@type":"Organization","@id":"https:\/\/worldbicyclerelief.org\/de\/#organization","name":"World Bicycle Relief","url":"https:\/\/worldbicyclerelief.org\/de\/","logo":{"@type":"ImageObject","inLanguage":"de","@id":"https:\/\/worldbicyclerelief.org\/de\/#\/schema\/logo\/image\/","url":"https:\/\/worldbicyclerelief.org\/wp-content\/uploads\/2019\/10\/wbr-logo-hi-res-x-x.png","contentUrl":"https:\/\/worldbicyclerelief.org\/wp-content\/uploads\/2019\/10\/wbr-logo-hi-res-x-x.png","width":600,"height":208,"caption":"World Bicycle Relief"},"image":{"@id":"https:\/\/worldbicyclerelief.org\/de\/#\/schema\/logo\/image\/"},"sameAs":["https:\/\/www.facebook.com\/worldbicyclerelief\/","https:\/\/x.com\/PowerOfBicycles"]}]}},"_links":{"self":[{"href":"https:\/\/worldbicyclerelief.org\/de\/wp-json\/wp\/v2\/pages\/47202","targetHints":{"allow":["GET"]}}],"collection":[{"href":"https:\/\/worldbicyclerelief.org\/de\/wp-json\/wp\/v2\/pages"}],"about":[{"href":"https:\/\/worldbicyclerelief.org\/de\/wp-json\/wp\/v2\/types\/page"}],"author":[{"embeddable":true,"href":"https:\/\/worldbicyclerelief.org\/de\/wp-json\/wp\/v2\/users\/7"}],"replies":[{"embeddable":true,"href":"https:\/\/worldbicyclerelief.org\/de\/wp-json\/wp\/v2\/comments?post=47202"}],"version-history":[{"count":0,"href":"https:\/\/worldbicyclerelief.org\/de\/wp-json\/wp\/v2\/pages\/47202\/revisions"}],"wp:featuredmedia":[{"embeddable":true,"href":"https:\/\/worldbicyclerelief.org\/de\/wp-json\/wp\/v2\/media\/47154"}],"wp:attachment":[{"href":"https:\/\/worldbicyclerelief.org\/de\/wp-json\/wp\/v2\/media?parent=47202"}],"curies":[{"name":"wp","href":"https:\/\/api.w.org\/{rel}","templated":true}]}}